{"id":271,"date":"2020-03-04T14:17:16","date_gmt":"2020-03-04T13:17:16","guid":{"rendered":"http:\/\/www.goodexperience.se\/?page_id=271"},"modified":"2020-04-17T13:40:22","modified_gmt":"2020-04-17T12:40:22","slug":"utstallningar","status":"publish","type":"page","link":"https:\/\/www.goodexperience.se\/?page_id=271","title":{"rendered":"Utst\u00e4llningar och media"},"content":{"rendered":"\n<figure class=\"wp-block-image size-large\"><img loading=\"lazy\" decoding=\"async\" width=\"188\" height=\"85\" src=\"https:\/\/www.goodexperience.se\/wp-content\/uploads\/2019\/09\/Warmme-5-vit.jpg\" alt=\"\" class=\"wp-image-175\"\/><\/figure>\n\n\n\n<ul class=\"wp-block-list\"><li>Demoanl\u00e4ggning finns i Grisslehamn, Norrt\u00e4lje<\/li><li>Showroom finns i Stocksund, Stockholm<\/li><li>Deltog i Bo&amp;Bygg m\u00e4ssan \u00c4lvsj\u00f6 oktober 2019<\/li><li>Skulle daltagit i m\u00e4ssan Nordiska Tr\u00e4dg\u00e5rdar  26-29 mars 2022, tyv\u00e4rr inst\u00e4llt<\/li><li>DagensPS  <br><a href=\"https:\/\/www.dagensps.se\/ps-supporten\/warmme-sprider-varme-under-sommarkvallen\/\">https:\/\/www.dagensps.se\/ps-supporten\/warmme-sprider-varme-under-sommarkvallen\/<\/a> <\/li><li>Demo utanf\u00f6r Ica i Grisslehamn visade p\u00e5 ett stort intresse<\/li><li>Deltar med en WARMME i Sofias \u00c4nglar, mer info senare<\/li><\/ul>\n\n\n\n<p>Mer info kommer<\/p>\n","protected":false},"excerpt":{"rendered":"<p>Demoanl\u00e4ggning finns i Grisslehamn, Norrt\u00e4lje Showroom finns i Stocksund, Stockholm Deltog i Bo&amp;Bygg m\u00e4ssan \u00c4lvsj\u00f6 oktober 2019 Skulle daltagit i m\u00e4ssan Nordiska Tr\u00e4dg\u00e5rdar 26-29 mars 2022, tyv\u00e4rr inst\u00e4llt DagensPS https:\/\/www.dagensps.se\/ps-supporten\/warmme-sprider-varme-under-sommarkvallen\/ Demo utanf\u00f6r Ica i Grisslehamn visade p\u00e5 ett stort intresse Deltar med en WARMME i Sofias \u00c4nglar, mer info senare Mer info kommer<\/p>\n","protected":false},"author":1,"featured_media":0,"parent":0,"menu_order":0,"comment_status":"closed","ping_status":"closed","template":"","meta":{"footnotes":""},"class_list":["post-271","page","type-page","status-publish","hentry"],"_links":{"self":[{"href":"https:\/\/www.goodexperience.se\/index.php?rest_route=\/wp\/v2\/pages\/271","targetHints":{"allow":["GET"]}}],"collection":[{"href":"https:\/\/www.goodexperience.se\/index.php?rest_route=\/wp\/v2\/pages"}],"about":[{"href":"https:\/\/www.goodexperience.se\/index.php?rest_route=\/wp\/v2\/types\/page"}],"author":[{"embeddable":true,"href":"https:\/\/www.goodexperience.se\/index.php?rest_route=\/wp\/v2\/users\/1"}],"replies":[{"embeddable":true,"href":"https:\/\/www.goodexperience.se\/index.php?rest_route=%2Fwp%2Fv2%2Fcomments&post=271"}],"version-history":[{"count":6,"href":"https:\/\/www.goodexperience.se\/index.php?rest_route=\/wp\/v2\/pages\/271\/revisions"}],"predecessor-version":[{"id":344,"href":"https:\/\/www.goodexperience.se\/index.php?rest_route=\/wp\/v2\/pages\/271\/revisions\/344"}],"wp:attachment":[{"href":"https:\/\/www.goodexperience.se\/index.php?rest_route=%2Fwp%2Fv2%2Fmedia&parent=271"}],"curies":[{"name":"wp","href":"https:\/\/api.w.org\/{rel}","templated":true}]}}